{"id":684,"date":"2023-02-23T14:53:58","date_gmt":"2023-02-23T13:53:58","guid":{"rendered":"https:\/\/dev.adcarrelage.ch\/rechtliche-hinweise\/"},"modified":"2023-04-27T15:03:21","modified_gmt":"2023-04-27T13:03:21","slug":"rechtliche-hinweise","status":"publish","type":"page","link":"https:\/\/adcarrelage.ch\/de\/rechtliche-hinweise\/","title":{"rendered":"Rechtliche Hinweise"},"content":{"rendered":"<p><strong>Rechtliche Hinweise<\/strong><br \/>\nHinweis zur Nutzung der Website von AD Carrelage<br \/>\n<a href=\"http:\/\/www.adcarrelage.ch\">www.adcarrelage.ch<\/a><\/p>\n<p>\u00a9 Copyright<br \/>\nDer Inhalt der Website von adcarrelage.ch, im Folgenden Betreiber genannt, ist durch das Recht auf geistiges Eigentum gesch\u00fctzt.<\/p>\n<p><strong>Datenschutz \u2013 Cookies<\/strong><br \/>\nDiese Website verwendet Cookies. Cookies sind kleine Textdateien, die beim Besuch der Website vor\u00fcbergehend oder dauerhaft auf Ihrem Computer gespeichert werden. Der Zweck von Cookies besteht insbesondere darin, die Nutzung der Website zu analysieren, um eine statistische Auswertung sowie kontinuierliche Verbesserungen zu erm\u00f6glichen. Cookies k\u00f6nnen jederzeit in den Einstellungen Ihres Webbrowsers teilweise oder vollst\u00e4ndig deaktiviert werden. Wenn Sie Cookies deaktivieren, kann es sein, dass einige Funktionen dieser Website nicht mehr zur Verf\u00fcgung stehen.<\/p>\n<p><strong>Disclaimer<\/strong><br \/>\nDie Inhalte dieser Website werden sorgf\u00e4ltig bearbeitet. Dennoch \u00fcbernimmt der Betreiber keine Verantwortung f\u00fcr die Verf\u00fcgbarkeit und Richtigkeit der Inhalte. Der Betreiber beh\u00e4lt sich das Recht vor, den Inhalt jederzeit zu \u00e4ndern und\/oder den Zugang zur Website zu entziehen.<br \/>\nLinks und eingebettete Inhalte<br \/>\nIm Sinne einer Dienstleistung kann der Betreiber Links zu externen Websites setzen, die Dritten geh\u00f6ren und von diesen verwaltet werden. F\u00fcr den Inhalt der verlinkten Seiten sind die Betreiber der jeweiligen Seiten verantwortlich. Ein Verweis (Link) bedeutet auch nicht, dass der Betreiber den Inhalt der verlinkten Seite billigt.<br \/>\nDie Artikel auf dieser Seite k\u00f6nnen eingebettete Inhalte (z. B. Videos, Bilder, Artikel \u2026) enthalten. Von anderen Websites eingebettete Inhalte verhalten sich genauso, als w\u00fcrde der Besucher diese andere Website besuchen.<br \/>\nDiese Websites k\u00f6nnen Daten \u00fcber Sie sammeln, Cookies verwenden, Tracking-Tools von Drittanbietern einbetten und Ihre Interaktionen mit diesen eingebetteten Inhalten verfolgen, wenn Sie ein angemeldetes Konto auf ihrer Website haben.<\/p>\n<p>Verantwortlich f\u00fcr die Website<br \/>\nRoute de la Ria 27<br \/>\n1544 Gletterens<br \/>\n<a href=\"mailto:info@adcarrelage.ch\" target=\"_blank\" rel=\"nofollow noreferrer noopener\">info@adcarrelage.ch<\/a><\/p>\n<p>Design und Realisierung<br \/>\nUp to you<br \/>\nRoute du Petit-Moncor 1A<br \/>\n1752 Villars-sur-Gl\u00e2ne<br \/>\n+41 26 321 40 37<br \/>\n<a href=\"mailto:info@up-to-you.ch\" target=\"_blank\" rel=\"nofollow noreferrer noopener\">info@up-to-you.ch<\/a><\/p>\n","protected":false},"excerpt":{"rendered":"<p>Rechtliche Hinweise Hinweis zur Nutzung der Website von AD Carrelage www.adcarrelage.ch \u00a9 Copyright Der Inhalt der Website von adcarrelage.ch, im Folgenden Betreiber genannt, ist durch das Recht auf geistiges Eigentum gesch\u00fctzt. Datenschutz \u2013 Cookies Diese Website verwendet Cookies. Cookies sind kleine Textdateien, die beim Besuch der Website vor\u00fcbergehend oder dauerhaft auf Ihrem Computer gespeichert werden. [&hellip;]<\/p>\n","protected":false},"author":1,"featured_media":0,"parent":0,"menu_order":0,"comment_status":"closed","ping_status":"closed","template":"page-type.php","meta":{"_seopress_robots_primary_cat":"","footnotes":""},"class_list":["post-684","page","type-page","status-publish","hentry"],"acf":[],"_links":{"self":[{"href":"https:\/\/adcarrelage.ch\/de\/wp-json\/wp\/v2\/pages\/684","targetHints":{"allow":["GET"]}}],"collection":[{"href":"https:\/\/adcarrelage.ch\/de\/wp-json\/wp\/v2\/pages"}],"about":[{"href":"https:\/\/adcarrelage.ch\/de\/wp-json\/wp\/v2\/types\/page"}],"author":[{"embeddable":true,"href":"https:\/\/adcarrelage.ch\/de\/wp-json\/wp\/v2\/users\/1"}],"replies":[{"embeddable":true,"href":"https:\/\/adcarrelage.ch\/de\/wp-json\/wp\/v2\/comments?post=684"}],"version-history":[{"count":2,"href":"https:\/\/adcarrelage.ch\/de\/wp-json\/wp\/v2\/pages\/684\/revisions"}],"predecessor-version":[{"id":722,"href":"https:\/\/adcarrelage.ch\/de\/wp-json\/wp\/v2\/pages\/684\/revisions\/722"}],"wp:attachment":[{"href":"https:\/\/adcarrelage.ch\/de\/wp-json\/wp\/v2\/media?parent=684"}],"curies":[{"name":"wp","href":"https:\/\/api.w.org\/{rel}","templated":true}]}}